{"id":18,"date":"2012-04-02T22:23:27","date_gmt":"2012-04-02T22:23:27","guid":{"rendered":"https:\/\/soroptimist-old.digitalpulse.click\/?page_id=18"},"modified":"2019-09-19T13:58:47","modified_gmt":"2019-09-19T13:58:47","slug":"foto","status":"publish","type":"page","link":"https:\/\/soroptimist-old.digitalpulse.click\/en\/foto\/","title":{"rendered":"Galerija"},"content":{"rendered":"<div class=\"line clear\">&nbsp;<\/div>\n<p>Norway Strand SO club in Riga&nbsp;<br \/>\nngg_shortcode_12_placeholder\n<div class=\"line clear\">&nbsp;<\/div>\n<p>Competition for Kids: Fresh air!&nbsp;<br \/>\nngg_shortcode_13_placeholder\n<div class=\"line clear\">&nbsp;<\/div>\n<p>Competition for Kids: Lesson in Kuldigas 2. vidusskola<br \/>\nngg_shortcode_14_placeholder\n<div class=\"line clear\">&nbsp;<\/div>\n<p><a href=\"https:\/\/soroptimist-old.digitalpulse.click\/tuvari\">Konkursa &#8220;Tu to vari&#8221; apm\u0101c\u012bbu semin\u0101ri (2.k\u0101rta)<\/a><\/p>\nngg_shortcode_15_placeholder\n<div class=\"line clear\">&nbsp;<\/div>\n<p><a href=\"https:\/\/soroptimist-old.digitalpulse.click\/irlavas-skolas2013\">Irlavas vidusskola viesojas R\u012bg\u0101<\/a><br \/>\nngg_shortcode_16_placeholder\n<div class=\"line clear\">&nbsp;<\/div>\n<p>Konkursa <strong>&#8220;Gaiss \u2013 kas? k\u0101ds? k\u0101? kam? ko? ar ko? ku<\/strong><strong>r?&#8221;<\/strong> lab\u0101kie z\u012bm\u0113jumi<\/p>\nngg_shortcode_17_placeholder\n<div class=\"line clear\">&nbsp;<\/div>\n<p>Irlavas skolas Ziemassv\u0113tku pas\u0101kums un eksursija TV torn\u012b<\/p>\nngg_shortcode_18_placeholder\n<div class=\"line clear\">&nbsp;<\/div>\n<p><a href=\"https:\/\/soroptimist-old.digitalpulse.click\/aktivitates\/citas-aktivitates\/si-rigas-klubs-sveic-tallinas-klubu-jubileja\">SI R\u012bgas klubs Tallin\u0101<\/a><\/p>\nngg_shortcode_19_placeholderngg_shortcode_20_placeholder\n<div class=\"line clear\">&nbsp;<\/div>\n<p><a href=\"https:\/\/soroptimist-old.digitalpulse.click\/aktivitates\/konkursi\/manas-dzimtas-saknes\">Konkurss &#8220;Manas dzimtas saknes&#8221;<\/a><\/p>\nngg_shortcode_21_placeholder ngg_shortcode_22_placeholder\n<div class=\"line clear\">&nbsp;<\/div>\n<p>SI R\u012bgas klubs 11!<\/p>\n<p>&#8220;Vesel\u012bgs uzturs &#8211; labas vesel\u012bbas un pa\u0161saj\u016btas priek\u0161noteikums&#8221;, t\u0101p\u0113c iepazin\u0101mies ar uztura speci\u0101listu padomiem, \u0113dieniem un ieteikumiem, k\u0101 ikdienas malt\u012bti padar\u012bt vesel\u012bg\u0101ku un daudzveid\u012bg\u0101ku.<\/p>\nngg_shortcode_23_placeholder","protected":false},"excerpt":{"rendered":"&nbsp; Norway Strand SO club in Riga&nbsp; &nbsp; Competition for Kids: Fresh air!&nbsp; &nbsp; Competition for Kids: Lesson in Kuldigas 2. vidusskola &nbsp; Konkursa &#8220;Tu to vari&#8221; apm\u0101c\u012bbu semin\u0101ri (2.k\u0101rta) &nbsp; Irlavas vidusskola viesojas R\u012bg\u0101 &nbsp; Konkursa &#8220;Gaiss \u2013 kas? k\u0101ds? k\u0101? kam? ko? ar ko? kur?&#8221; lab\u0101kie z\u012bm\u0113jumi &nbsp; Irlavas skolas Ziemassv\u0113tku pas\u0101kums un [&hellip;]","protected":false},"author":1,"featured_media":0,"parent":0,"menu_order":5,"comment_status":"closed","ping_status":"closed","template":"","meta":{"ngg_post_thumbnail":0,"footnotes":""},"class_list":["post-18","page","type-page","status-publish","hentry"],"yoast_head":"<!-- This site is optimized with the Yoast SEO plugin v27.0 - https:\/\/yoast.com\/product\/yoast-seo-wordpress\/ -->\n<title>Galerija - Soroptimistriga<\/title>\n<meta name=\"robots\" content=\"noindex, follow, max-snippet:-1, max-image-preview:large, max-video-preview:-1\" \/>\n<meta property=\"og:locale\" content=\"en_US\" \/>\n<meta property=\"og:type\" content=\"article\" \/>\n<meta property=\"og:title\" content=\"Galerija - Soroptimistriga\" \/>\n<meta property=\"og:description\" content=\"&nbsp; Norway Strand SO club in Riga&nbsp; &nbsp; Competition for Kids: Fresh air!&nbsp; &nbsp; Competition for Kids: Lesson in Kuldigas 2. vidusskola &nbsp; Konkursa &#8220;Tu to vari&#8221; apm\u0101c\u012bbu semin\u0101ri (2.k\u0101rta) &nbsp; Irlavas vidusskola viesojas R\u012bg\u0101 &nbsp; Konkursa &#8220;Gaiss \u2013 kas? k\u0101ds? k\u0101? kam? ko? ar ko? kur?&#8221; lab\u0101kie z\u012bm\u0113jumi &nbsp; Irlavas skolas Ziemassv\u0113tku pas\u0101kums un [&hellip;]\" \/>\n<meta property=\"og:url\" content=\"https:\/\/soroptimist-old.digitalpulse.click\/foto\/\" \/>\n<meta property=\"og:site_name\" content=\"Soroptimistriga\" \/>\n<meta property=\"article:modified_time\" content=\"2019-09-19T13:58:47+00:00\" \/>\n<meta name=\"twitter:card\" content=\"summary_large_image\" \/>\n<meta name=\"twitter:label1\" content=\"Est. reading time\" \/>\n\t<meta name=\"twitter:data1\" content=\"2 minutes\" \/>\n<script type=\"application\/ld+json\" class=\"yoast-schema-graph\">{\"@context\":\"https:\/\/schema.org\",\"@graph\":[{\"@type\":\"WebPage\",\"@id\":\"https:\/\/soroptimist-old.digitalpulse.click\/foto\/\",\"url\":\"https:\/\/soroptimist-old.digitalpulse.click\/foto\/\",\"name\":\"Galerija - Soroptimistriga\",\"isPartOf\":{\"@id\":\"https:\/\/soroptimist-old.digitalpulse.click\/en\/#website\"},\"datePublished\":\"2012-04-02T22:23:27+00:00\",\"dateModified\":\"2019-09-19T13:58:47+00:00\",\"breadcrumb\":{\"@id\":\"https:\/\/soroptimist-old.digitalpulse.click\/foto\/#breadcrumb\"},\"inLanguage\":\"en-US\",\"potentialAction\":[{\"@type\":\"ReadAction\",\"target\":[\"https:\/\/soroptimist-old.digitalpulse.click\/foto\/\"]}]},{\"@type\":\"BreadcrumbList\",\"@id\":\"https:\/\/soroptimist-old.digitalpulse.click\/foto\/#breadcrumb\",\"itemListElement\":[{\"@type\":\"ListItem\",\"position\":1,\"name\":\"Home\",\"item\":\"https:\/\/soroptimist-old.digitalpulse.click\/en\/\"},{\"@type\":\"ListItem\",\"position\":2,\"name\":\"Galerija\"}]},{\"@type\":\"WebSite\",\"@id\":\"https:\/\/soroptimist-old.digitalpulse.click\/en\/#website\",\"url\":\"https:\/\/soroptimist-old.digitalpulse.click\/en\/\",\"name\":\"Soroptimistriga\",\"description\":\"\",\"potentialAction\":[{\"@type\":\"SearchAction\",\"target\":{\"@type\":\"EntryPoint\",\"urlTemplate\":\"https:\/\/soroptimist-old.digitalpulse.click\/en\/?s={search_term_string}\"},\"query-input\":{\"@type\":\"PropertyValueSpecification\",\"valueRequired\":true,\"valueName\":\"search_term_string\"}}],\"inLanguage\":\"en-US\"}]}<\/script>\n<!-- \/ Yoast SEO plugin. -->","yoast_head_json":{"title":"Galerija - Soroptimistriga","robots":{"index":"noindex","follow":"follow","max-snippet":"max-snippet:-1","max-image-preview":"max-image-preview:large","max-video-preview":"max-video-preview:-1"},"og_locale":"en_US","og_type":"article","og_title":"Galerija - Soroptimistriga","og_description":"&nbsp; Norway Strand SO club in Riga&nbsp; &nbsp; Competition for Kids: Fresh air!&nbsp; &nbsp; Competition for Kids: Lesson in Kuldigas 2. vidusskola &nbsp; Konkursa &#8220;Tu to vari&#8221; apm\u0101c\u012bbu semin\u0101ri (2.k\u0101rta) &nbsp; Irlavas vidusskola viesojas R\u012bg\u0101 &nbsp; Konkursa &#8220;Gaiss \u2013 kas? k\u0101ds? k\u0101? kam? ko? ar ko? kur?&#8221; lab\u0101kie z\u012bm\u0113jumi &nbsp; Irlavas skolas Ziemassv\u0113tku pas\u0101kums un [&hellip;]","og_url":"https:\/\/soroptimist-old.digitalpulse.click\/foto\/","og_site_name":"Soroptimistriga","article_modified_time":"2019-09-19T13:58:47+00:00","twitter_card":"summary_large_image","twitter_misc":{"Est. reading time":"2 minutes"},"schema":{"@context":"https:\/\/schema.org","@graph":[{"@type":"WebPage","@id":"https:\/\/soroptimist-old.digitalpulse.click\/foto\/","url":"https:\/\/soroptimist-old.digitalpulse.click\/foto\/","name":"Galerija - Soroptimistriga","isPartOf":{"@id":"https:\/\/soroptimist-old.digitalpulse.click\/en\/#website"},"datePublished":"2012-04-02T22:23:27+00:00","dateModified":"2019-09-19T13:58:47+00:00","breadcrumb":{"@id":"https:\/\/soroptimist-old.digitalpulse.click\/foto\/#breadcrumb"},"inLanguage":"en-US","potentialAction":[{"@type":"ReadAction","target":["https:\/\/soroptimist-old.digitalpulse.click\/foto\/"]}]},{"@type":"BreadcrumbList","@id":"https:\/\/soroptimist-old.digitalpulse.click\/foto\/#breadcrumb","itemListElement":[{"@type":"ListItem","position":1,"name":"Home","item":"https:\/\/soroptimist-old.digitalpulse.click\/en\/"},{"@type":"ListItem","position":2,"name":"Galerija"}]},{"@type":"WebSite","@id":"https:\/\/soroptimist-old.digitalpulse.click\/en\/#website","url":"https:\/\/soroptimist-old.digitalpulse.click\/en\/","name":"Soroptimistriga","description":"","potentialAction":[{"@type":"SearchAction","target":{"@type":"EntryPoint","urlTemplate":"https:\/\/soroptimist-old.digitalpulse.click\/en\/?s={search_term_string}"},"query-input":{"@type":"PropertyValueSpecification","valueRequired":true,"valueName":"search_term_string"}}],"inLanguage":"en-US"}]}},"_links":{"self":[{"href":"https:\/\/soroptimist-old.digitalpulse.click\/en\/wp-json\/wp\/v2\/pages\/18","targetHints":{"allow":["GET"]}}],"collection":[{"href":"https:\/\/soroptimist-old.digitalpulse.click\/en\/wp-json\/wp\/v2\/pages"}],"about":[{"href":"https:\/\/soroptimist-old.digitalpulse.click\/en\/wp-json\/wp\/v2\/types\/page"}],"author":[{"embeddable":true,"href":"https:\/\/soroptimist-old.digitalpulse.click\/en\/wp-json\/wp\/v2\/users\/1"}],"replies":[{"embeddable":true,"href":"https:\/\/soroptimist-old.digitalpulse.click\/en\/wp-json\/wp\/v2\/comments?post=18"}],"version-history":[{"count":67,"href":"https:\/\/soroptimist-old.digitalpulse.click\/en\/wp-json\/wp\/v2\/pages\/18\/revisions"}],"predecessor-version":[{"id":1859,"href":"https:\/\/soroptimist-old.digitalpulse.click\/en\/wp-json\/wp\/v2\/pages\/18\/revisions\/1859"}],"wp:attachment":[{"href":"https:\/\/soroptimist-old.digitalpulse.click\/en\/wp-json\/wp\/v2\/media?parent=18"}],"curies":[{"name":"wp","href":"https:\/\/api.w.org\/{rel}","templated":true}]}}