{"id":2,"date":"2012-03-22T19:25:43","date_gmt":"2012-03-22T19:25:43","guid":{"rendered":"https:\/\/soroptimist-old.digitalpulse.click\/?page_id=2"},"modified":"2019-09-19T10:43:38","modified_gmt":"2019-09-19T10:43:38","slug":"par-mums","status":"publish","type":"page","link":"https:\/\/soroptimist-old.digitalpulse.click\/en\/par-mums\/","title":{"rendered":"Par mums"},"content":{"rendered":"<a href=\"https:\/\/soroptimist-old.digitalpulse.click\/wp-content\/uploads\/2012\/04\/SI_emblem_color.gif\"><img loading=\"lazy\" decoding=\"async\" class=\"alignleft size-full wp-image-12\" title=\"SI_emblem_color\" src=\"https:\/\/soroptimist-old.digitalpulse.click\/wp-content\/uploads\/2012\/04\/SI_emblem_color.gif\" alt=\"\" width=\"125\" height=\"125\" srcset=\"https:\/\/soroptimist-old.digitalpulse.click\/wp-content\/uploads\/2012\/04\/SI_emblem_color.gif 125w, https:\/\/soroptimist-old.digitalpulse.click\/wp-content\/uploads\/2012\/04\/SI_emblem_color-45x45.gif 45w\" sizes=\"auto, (max-width: 125px) 100vw, 125px\" \/><\/a><strong><a href=\"http:\/\/www.soroptimisteurope.org\/\">Starptautisk\u0101 Soroptimistu organiz\u0101cija<\/a><\/strong> (Soroptimist International &#8211; SI) ir vispasaules da\u017e\u0101du profesiju sievie\u0161u organiz\u0101cija, kas dibin\u0101ta 1921. gad\u0101 Kalifornij\u0101, ASV. Eirop\u0101 pirmais klubs dibin\u0101ts 1924. gad\u0101 Par\u012bz\u0113. Nu jau organiz\u0101cija vieno vair\u0101k nek\u0101 120 pasaules valstu klubus.<\/p>\n<p>Nosaukums &#8220;soroptimist&#8221; tika darin\u0101ts no lat\u012b\u0146u v\u0101rda <em>soror<\/em> &#8211; m\u0101sa un <em>optima<\/em> &#8211; vislab\u0101kais. T\u0101tad &#8211; <strong><em>vislab\u0101kais sieviet\u0113m<\/em><\/strong>.<\/p>\n<p>Vienl\u012bdz\u012bba, att\u012bst\u012bba, miers, cilv\u0113kties\u012bbu aizst\u0101v\u012bba un sievie\u0161u st\u0101vok\u013ca uzlabo\u0161ana sabiedr\u012bb\u0101 &#8211; tie ir organiz\u0101cijas pamatm\u0113r\u0137i. Katru gadu 10. decembr\u012b vis\u0101 pasaul\u0113 atz\u012bm\u0113 Starptautisko Soroptimistu dienu, kas sasaucas ar sievie\u0161u ties\u012bbu dienu.<\/p>\n<p>Savas darb\u012bbas\u00a0 gados Starptautisk\u0101 Soroptimistu organiz\u0101cija pal\u012bdz\u0113jusi un sniegusi atbalstu izgl\u012bt\u012bbas izaugsmes veicin\u0101\u0161anai, sniegusi finans\u0113jumu vesel\u012bbas projektiem, veikusi p\u0113t\u012bjumus da\u017e\u0101d\u0101s nozar\u0113s, ieskaitot nodarbin\u0101t\u012bbas mazin\u0101\u0161anu un iest\u0101\u0161anos par sievie\u0161u vienl\u012bdz\u012bbu darba tirg\u016b, atkar\u012bbu izraiso\u0161u vielu &#8211; narkotiku ietekmes mazin\u0101\u0161anu, cilv\u0113kties\u012bbu aizst\u0101v\u012bbu. Organiz\u0101cija piedal\u012bjusies ar\u012b vides un soci\u0101lu probl\u0113mu risin\u0101\u0161an\u0101, k\u0101 ar\u012b\u00a0 pasaules glob\u0101lo probl\u0113mu risin\u0101\u0161an\u0101.<\/p>\n<p>T\u0101s ir lietas, probl\u0113mas un m\u0113r\u0137i, kas <strong>1999.gad\u0101 17.apr\u012bl\u012b lika pamatu Starptautisk\u0101s Soroptimistru organiz\u0101cijas R\u012bgas kluba (<span style=\"text-decoration: underline;\"><a href=\"https:\/\/soroptimist-old.digitalpulse.click\"><span style=\"color: #000080;\"><span style=\"color: #000080; text-decoration: underline;\">SI R\u012bgas klubs<\/span><\/span><\/a>) <\/span>dibin\u0101\u0161anai.<\/strong> Latvija pievienoj\u0101s k\u0101 116. valsts SI Helsinku konvencijas laik\u0101 no 4. \u2013 8.j\u016blijam 1999.gad\u0101. Pa\u0161laik vis\u0101 pasaul\u0113 125 valst\u012bs, apvienoti 4 feder\u0101cij\u0101s, darbojas vair\u0101k k\u0101 3000 SI klubi.<\/p>\n<p><span style=\"text-decoration: underline;\"><strong>R\u012bgas kluba prezidentes:<\/strong><\/span><\/p>\n<ul>\n<li>Margita Kalni\u0146a \u00a0\u00a0\u00a0\u00a0 1999-2000<\/li>\n<li>Inta Puj\u0101te\u00a0\u00a0\u00a0\u00a0\u00a0\u00a0\u00a0\u00a0\u00a0\u00a0\u00a0\u00a0\u00a0 2000-2002<\/li>\n<li>Vija Di\u0161lere\u00a0\u00a0\u00a0\u00a0\u00a0\u00a0\u00a0\u00a0\u00a0\u00a0\u00a0\u00a0\u00a0 2002-2003<\/li>\n<li>Gunita Poldme\u00a0\u00a0\u00a0\u00a0\u00a0\u00a0\u00a0 2003-2005<\/li>\n<li>Maira Magreca \u00a0\u00a0\u00a0\u00a0\u00a0\u00a0 2005-2007<\/li>\n<li>Anda M\u0101lere\u00a0\u00a0\u00a0\u00a0\u00a0\u00a0\u00a0\u00a0\u00a0\u00a0\u00a0 2007 -2009<\/li>\n<li>Ilona Me\u017eecka\u00a0\u00a0\u00a0\u00a0\u00a0\u00a0\u00a0\u00a0 2007-2013<\/li>\n<li>In\u0101ra Sarma\u00a0\u00a0\u00a0\u00a0\u00a0\u00a0\u00a0\u00a0\u00a0\u00a0\u00a0\u00a0 2013<\/li>\n<\/ul>\n<p>Soroptimistu organiz\u0101cij\u0101 da\u017e\u0101du profesiju sieviet\u0113m ir iesp\u0113ja apmain\u012bties ar inform\u0101ciju un pieredzi, risin\u0101t viet\u0113ja un glob\u0101la rakstura probl\u0113mas, t\u0101s ieraugot, un veicot akt\u012bvu darb\u012bbu savas valsts, k\u0101 ar\u012b starpvalstu l\u012bmen\u012b da\u017e\u0101d\u0101s programm\u0101s. Programmas ietver sievie\u0161u ties\u012bbu, vesel\u012bbas, izgl\u012bt\u012bbas, ekonomikas, soci\u0101l\u0101s att\u012bst\u012bbas, cilv\u0113kties\u012bbu, k\u0101 ar\u012b apk\u0101rt\u0113j\u0101s vides, kult\u016bras un citas jomas.<\/p>\n<p>B\u0113rni un sievietes ir t\u0101 \u013cau\u017eu grupa, kurai ikdien\u0101 nepiecie\u0161ams liel\u0101kais atbalsts. M\u0113s r\u012bkojam da\u017e\u0101das interesantas<strong><span style=\"text-decoration: underline; color: #333399;\"> <a href=\"https:\/\/soroptimist-old.digitalpulse.click\/aktivitates\/citas-aktivitates\"><span style=\"color: #333399; text-decoration: underline;\">tik\u0161an\u0101s<\/span><\/a><\/span>, <span style=\"text-decoration: underline; color: #333399;\"><a href=\"https:\/\/soroptimist-old.digitalpulse.click\/starptautiska-sadarbiba-2\"><span style=\"color: #333399; text-decoration: underline;\">uzturam kontaktus<\/span><\/a><\/span><\/strong> ar Starptautiskajiem Soroptimistu organiz\u0101cijas (SI) klubiem vis\u0101 pasaul\u0113, r\u012bkojam skol\u0113niem interesantus <span style=\"text-decoration: underline; color: #333399;\"><strong><a href=\"https:\/\/soroptimist-old.digitalpulse.click\/aktivitates\/konkursi\"><span style=\"color: #333399; text-decoration: underline;\">konkursus<\/span><\/a><\/strong><\/span> un izgl\u012btojo\u0161as lekcijas sieviet\u0113m.<\/p>\n<p>Katrai Soroptimistu kluba dal\u012bbniecei ir iesp\u0113jas piedal\u012bties savas valsts vai starptautisk\u0101s programm\u0101s, kas ietver vesel\u012bbas, izgl\u012bt\u012bbas, ekonomikas, soci\u0101l\u0101s att\u012bst\u012bbas, apk\u0101rt\u0113j\u0101s vides, cilv\u0113kties\u012bbu, sievie\u0161u ties\u012bbu, kult\u016bras, starptautisk\u0101s sadarb\u012bbas un sadraudz\u012bbas aspektus.<\/p>\n<p>Ja esat akt\u012bvas, v\u0113laties dar\u012bt darbu, kas nav tikai sava labuma g\u016b\u0161anai, un esat gatavas dal\u012bties pieredz\u0113 un sav\u0101s zin\u0101\u0161an\u0101s- esat laipni gaid\u012btas m\u016bsu tik\u0161an\u0101s reiz\u0113s ik m\u0113nesi. S\u012bk\u0101ka inform\u0101cija &#8211;<span style=\"text-decoration: underline; color: #333399;\"> <a href=\"info@soroptimistriga@com\"><span style=\"color: #333399; text-decoration: underline;\">info@soroptimistriga@com<\/span><\/a><\/span><\/p>\n<p>&nbsp;<\/p>\n<p><span style=\"text-decoration: underline;\"><strong>SI R\u012bgas kluba aizbildne (krustm\u0101te)<\/strong><\/span><\/p>\n<ul>\n<li><strong>\u00a0 <\/strong>Marija Berglunde, no Halmstad kluba<\/li>\n<\/ul>\n<p><span style=\"text-decoration: underline;\"><strong>SI R\u012bgas kluba ofici\u0101lie (<span style=\"color: #333333; text-decoration: underline;\"><em>friendship &#8211; link<\/em><\/span>) <strong>sadraudz\u012bbas<\/strong> klubi :<\/strong><\/span><\/p>\n<ul>\n<li>SI Falkenberg (Zviedrija)<\/li>\n<li>SI Halmstad (Zviedrija)<\/li>\n<li>SI Hildelsheim (V\u0101cija)<\/li>\n<li>SI Barrow &#8211; in \u2013 Furness (Lielbrit\u0101nija)<\/li>\n<li>SI Rhyl-and \u2013District, Velsa (Lielbrit\u0101nija)<\/li>\n<li>\u00a0SI Strand (Norv\u0113\u0123ija)<\/li>\n<\/ul>\n<p><span style=\"text-decoration: underline;\"><strong>SI R\u012bgas kluba svar\u012bg\u0101k\u0101s aktivit\u0101tes sadarb\u012bb\u0101 ar SI draugu klubiem:<\/strong><\/span><\/p>\n<ul>\n<li>b\u0113rnu z\u012bm\u0113jumu, eseju, p\u0113t\u012bjumu un fotogr\u0101fiju konkurss par t\u0113mu:<\/li>\n<\/ul>\n<blockquote>\n<ul>\n<li>\u201e\u016adens \u2013 dz\u012bv\u012bbas avots\u201d 2008.gad\u0101,<\/li>\n<li>\u201cDzimtas saknes\u201d 2010.gad\u0101,<\/li>\n<li>konkurss &#8220;Gaiss&#8221; 2012.gad\u0101.<\/li>\n<\/ul>\n<\/blockquote>\n<ul>\n<li>ikgad\u0113ji Ziemassv\u0113tku pas\u0101kumi Irlavas pagasta b\u0113rniem un \u0123imen\u0113m,<\/li>\n<li>apsveikuma karti\u0146u projekts: \u201e<em>Irlavas<\/em> <em>b\u0113rni z\u012bm\u0113 \u00a0Ziemassv\u0113tkus<\/em>\u201d,<\/li>\n<li>ro\u017eu st\u0101d\u012b\u0161ana Rund\u0101les pils park\u0101,<\/li>\n<li>lauku sievie\u0161u apm\u0101c\u012bbu organiz\u0113\u0161ana<em> Five-O<\/em><em> <\/em>sadarb\u012bbas projekta ietvaros (kop\u0101 ar ZONTA klubiem no Latvijas),<\/li>\n<li>jaunie\u0161u izgl\u012bt\u012bbas atbalst\u012b\u0161ana (tr\u012bs jaunie\u0161i \u2013\u00a0 konkursu uzvar\u0113t\u0101ji piedal\u012bj\u0101s starptautiskos forumos, kurus organiz\u0113ja V\u0101cijas un Norv\u0113\u0123ijas klubi, vienai jaunietei studijas augstskol\u0101 apmaks\u0101 4 H\u0101landes klubi no Zviedrijas),<\/li>\n<li>regul\u0101ri pas\u0101kumi kluba biedru m\u016b\u017ea izgl\u012bto\u0161an\u0101s programmas ietvaros (tematiskas speci\u0101listu lekcijas, diskusijas, te\u0101tru u.c. apmekl\u0113jumi.<\/li>\n<\/ul>\n<p><span style=\"text-decoration: underline;\"><strong>R\u012bgas kluba draugu klubi: <\/strong><\/span><\/p>\n<ul>\n<li>\u00a0SI Falkenberg (Zviedrija),<\/li>\n<li>SI Hamilton (ASV),<\/li>\n<li>SI Kungsbacka (Zviedrija),<\/li>\n<li>SI Levanger (Norv\u0113\u0123ija),<\/li>\n<li>SI Ogre- \u0136egums (Latvija),<\/li>\n<li>SI Strand (Norv\u0113\u0123ija),<\/li>\n<li>SI Varberg (Zviedrija.<\/li>\n<\/ul>\n<div class=\"line clear\"><\/div>\n<p><a href=\"https:\/\/soroptimist-old.digitalpulse.click\/wp-content\/uploads\/2012\/03\/norvegija-2010-8002.jpg\"><img loading=\"lazy\" decoding=\"async\" class=\"alignleft size-medium wp-image-1117\" title=\"norvegija-2010-800\" src=\"https:\/\/soroptimist-old.digitalpulse.click\/wp-content\/uploads\/2012\/03\/norvegija-2010-8002-300x198.jpg\" alt=\"\" width=\"300\" height=\"198\" srcset=\"https:\/\/soroptimist-old.digitalpulse.click\/wp-content\/uploads\/2012\/03\/norvegija-2010-8002-300x198.jpg 300w, https:\/\/soroptimist-old.digitalpulse.click\/wp-content\/uploads\/2012\/03\/norvegija-2010-8002-100x66.jpg 100w, https:\/\/soroptimist-old.digitalpulse.click\/wp-content\/uploads\/2012\/03\/norvegija-2010-8002-225x149.jpg 225w, https:\/\/soroptimist-old.digitalpulse.click\/wp-content\/uploads\/2012\/03\/norvegija-2010-8002.jpg 1000w\" sizes=\"auto, (max-width: 300px) 100vw, 300px\" \/><\/a>M\u016b\u017e\u012bb\u0101 aizg\u0101jusi viena no SI R\u012bgas kluba dibin\u0101t\u0101j\u0101m un kluba prezident\u0113m <strong>Anda M\u0101lere<\/strong>.<\/p>\n<div class=\"buttonLike learnMore\" style=\"float: right; margin: 5px; color: ffffff !important;\"><a href=\"https:\/\/soroptimist-old.digitalpulse.click\/anda-malere\">Las\u012bt vair\u0101k&#8230;<\/a><\/div>\n<div class=\"line clear\"><\/div>\n<p>&nbsp;<\/p>\n<p>&nbsp;<\/p>\n<p><strong><span style=\"color: #000000;\">Sveiciens sv\u0113tkos!<\/span><\/strong><\/p>\n<p>Pirms iededz sveci egles zar\u0101,<a href=\"https:\/\/soroptimist-old.digitalpulse.click\/wp-content\/uploads\/2012\/04\/DSCF176111111.jpg\"><img loading=\"lazy\" decoding=\"async\" class=\"size-medium wp-image-1171 alignleft\" title=\"DSCF176111111\" src=\"https:\/\/soroptimist-old.digitalpulse.click\/wp-content\/uploads\/2012\/04\/DSCF176111111-300x180.jpg\" alt=\"\" width=\"300\" height=\"180\" srcset=\"https:\/\/soroptimist-old.digitalpulse.click\/wp-content\/uploads\/2012\/04\/DSCF176111111-300x180.jpg 300w, https:\/\/soroptimist-old.digitalpulse.click\/wp-content\/uploads\/2012\/04\/DSCF176111111-100x60.jpg 100w, https:\/\/soroptimist-old.digitalpulse.click\/wp-content\/uploads\/2012\/04\/DSCF176111111-247x149.jpg 247w, https:\/\/soroptimist-old.digitalpulse.click\/wp-content\/uploads\/2012\/04\/DSCF176111111.jpg 900w\" sizes=\"auto, (max-width: 300px) 100vw, 300px\" \/><\/a><br \/>\nDedz sv\u0113tku liesmu sird\u012b sav\u0101,<br \/>\nAr piedo\u0161anu, sapratni,<br \/>\nAr m\u012blest\u012bbas dzirksteli<br \/>\nUn tici &#8211; tas ir Tav\u0101 var\u0101<br \/>\nNest gaismu, k\u0101 to sveces dara&#8230;.<\/p>\n<p>Priec\u012bgus Ziemassv\u0113tkus un laim\u012bgu, pan\u0101kumiem bag\u0101tu Jauno 2014.gadu! Lai sirdssiltums, m\u012blest\u012bba un ieciet\u012bba m\u0101jo ikvien\u0101 no mums visu Jauno gadu!<\/p>\n<p>Lai izdodas!<\/p>\n<div class=\"line clear\"><\/div>","protected":false},"excerpt":{"rendered":"Starptautisk\u0101 Soroptimistu organiz\u0101cija (Soroptimist International &#8211; SI) ir vispasaules da\u017e\u0101du profesiju sievie\u0161u organiz\u0101cija, kas dibin\u0101ta 1921. gad\u0101 Kalifornij\u0101, ASV. Eirop\u0101 pirmais klubs dibin\u0101ts 1924. gad\u0101 Par\u012bz\u0113. Nu jau organiz\u0101cija vieno vair\u0101k nek\u0101 120 pasaules valstu klubus. Nosaukums &#8220;soroptimist&#8221; tika darin\u0101ts no lat\u012b\u0146u v\u0101rda soror &#8211; m\u0101sa un optima &#8211; vislab\u0101kais. T\u0101tad &#8211; vislab\u0101kais sieviet\u0113m. Vienl\u012bdz\u012bba, [&hellip;]","protected":false},"author":1,"featured_media":0,"parent":0,"menu_order":4,"comment_status":"closed","ping_status":"closed","template":"","meta":{"ngg_post_thumbnail":0,"footnotes":""},"class_list":["post-2","page","type-page","status-publish","hentry"],"yoast_head":"<!-- This site is optimized with the Yoast SEO plugin v27.0 - https:\/\/yoast.com\/product\/yoast-seo-wordpress\/ -->\n<title>Par mums - Soroptimistriga<\/title>\n<meta name=\"robots\" content=\"noindex, follow, max-snippet:-1, max-image-preview:large, max-video-preview:-1\" \/>\n<meta property=\"og:locale\" content=\"en_US\" \/>\n<meta property=\"og:type\" content=\"article\" \/>\n<meta property=\"og:title\" content=\"Par mums - Soroptimistriga\" \/>\n<meta property=\"og:description\" content=\"Starptautisk\u0101 Soroptimistu organiz\u0101cija (Soroptimist International &#8211; SI) ir vispasaules da\u017e\u0101du profesiju sievie\u0161u organiz\u0101cija, kas dibin\u0101ta 1921. gad\u0101 Kalifornij\u0101, ASV. Eirop\u0101 pirmais klubs dibin\u0101ts 1924. gad\u0101 Par\u012bz\u0113. Nu jau organiz\u0101cija vieno vair\u0101k nek\u0101 120 pasaules valstu klubus. Nosaukums &#8220;soroptimist&#8221; tika darin\u0101ts no lat\u012b\u0146u v\u0101rda soror &#8211; m\u0101sa un optima &#8211; vislab\u0101kais. T\u0101tad &#8211; vislab\u0101kais sieviet\u0113m. Vienl\u012bdz\u012bba, [&hellip;]\" \/>\n<meta property=\"og:url\" content=\"https:\/\/soroptimist-old.digitalpulse.click\/en\/par-mums\/\" \/>\n<meta property=\"og:site_name\" content=\"Soroptimistriga\" \/>\n<meta property=\"article:modified_time\" content=\"2019-09-19T10:43:38+00:00\" \/>\n<meta property=\"og:image\" content=\"https:\/\/soroptimist-old.digitalpulse.click\/wp-content\/uploads\/2013\/04\/sorop672.jpg\" \/>\n<meta name=\"twitter:card\" content=\"summary_large_image\" \/>\n<meta name=\"twitter:label1\" content=\"Est. reading time\" \/>\n\t<meta name=\"twitter:data1\" content=\"9 minutes\" \/>\n<script type=\"application\/ld+json\" class=\"yoast-schema-graph\">{\"@context\":\"https:\/\/schema.org\",\"@graph\":[{\"@type\":\"WebPage\",\"@id\":\"https:\/\/soroptimist-old.digitalpulse.click\/en\/par-mums\/\",\"url\":\"https:\/\/soroptimist-old.digitalpulse.click\/en\/par-mums\/\",\"name\":\"Par mums - Soroptimistriga\",\"isPartOf\":{\"@id\":\"https:\/\/soroptimist-old.digitalpulse.click\/en\/#website\"},\"primaryImageOfPage\":{\"@id\":\"https:\/\/soroptimist-old.digitalpulse.click\/en\/par-mums\/#primaryimage\"},\"image\":{\"@id\":\"https:\/\/soroptimist-old.digitalpulse.click\/en\/par-mums\/#primaryimage\"},\"thumbnailUrl\":\"https:\/\/soroptimist-old.digitalpulse.click\/wp-content\/uploads\/2013\/04\/sorop672.jpg\",\"datePublished\":\"2012-03-22T19:25:43+00:00\",\"dateModified\":\"2019-09-19T10:43:38+00:00\",\"breadcrumb\":{\"@id\":\"https:\/\/soroptimist-old.digitalpulse.click\/en\/par-mums\/#breadcrumb\"},\"inLanguage\":\"en-US\",\"potentialAction\":[{\"@type\":\"ReadAction\",\"target\":[\"https:\/\/soroptimist-old.digitalpulse.click\/en\/par-mums\/\"]}]},{\"@type\":\"ImageObject\",\"inLanguage\":\"en-US\",\"@id\":\"https:\/\/soroptimist-old.digitalpulse.click\/en\/par-mums\/#primaryimage\",\"url\":\"https:\/\/soroptimist-old.digitalpulse.click\/wp-content\/uploads\/2013\/04\/sorop672.jpg\",\"contentUrl\":\"https:\/\/soroptimist-old.digitalpulse.click\/wp-content\/uploads\/2013\/04\/sorop672.jpg\"},{\"@type\":\"BreadcrumbList\",\"@id\":\"https:\/\/soroptimist-old.digitalpulse.click\/en\/par-mums\/#breadcrumb\",\"itemListElement\":[{\"@type\":\"ListItem\",\"position\":1,\"name\":\"Home\",\"item\":\"https:\/\/soroptimist-old.digitalpulse.click\/en\/\"},{\"@type\":\"ListItem\",\"position\":2,\"name\":\"Par mums\"}]},{\"@type\":\"WebSite\",\"@id\":\"https:\/\/soroptimist-old.digitalpulse.click\/en\/#website\",\"url\":\"https:\/\/soroptimist-old.digitalpulse.click\/en\/\",\"name\":\"Soroptimistriga\",\"description\":\"\",\"potentialAction\":[{\"@type\":\"SearchAction\",\"target\":{\"@type\":\"EntryPoint\",\"urlTemplate\":\"https:\/\/soroptimist-old.digitalpulse.click\/en\/?s={search_term_string}\"},\"query-input\":{\"@type\":\"PropertyValueSpecification\",\"valueRequired\":true,\"valueName\":\"search_term_string\"}}],\"inLanguage\":\"en-US\"}]}<\/script>\n<!-- \/ Yoast SEO plugin. -->","yoast_head_json":{"title":"Par mums - Soroptimistriga","robots":{"index":"noindex","follow":"follow","max-snippet":"max-snippet:-1","max-image-preview":"max-image-preview:large","max-video-preview":"max-video-preview:-1"},"og_locale":"en_US","og_type":"article","og_title":"Par mums - Soroptimistriga","og_description":"Starptautisk\u0101 Soroptimistu organiz\u0101cija (Soroptimist International &#8211; SI) ir vispasaules da\u017e\u0101du profesiju sievie\u0161u organiz\u0101cija, kas dibin\u0101ta 1921. gad\u0101 Kalifornij\u0101, ASV. Eirop\u0101 pirmais klubs dibin\u0101ts 1924. gad\u0101 Par\u012bz\u0113. Nu jau organiz\u0101cija vieno vair\u0101k nek\u0101 120 pasaules valstu klubus. Nosaukums &#8220;soroptimist&#8221; tika darin\u0101ts no lat\u012b\u0146u v\u0101rda soror &#8211; m\u0101sa un optima &#8211; vislab\u0101kais. T\u0101tad &#8211; vislab\u0101kais sieviet\u0113m. Vienl\u012bdz\u012bba, [&hellip;]","og_url":"https:\/\/soroptimist-old.digitalpulse.click\/en\/par-mums\/","og_site_name":"Soroptimistriga","article_modified_time":"2019-09-19T10:43:38+00:00","og_image":[{"url":"https:\/\/soroptimist-old.digitalpulse.click\/wp-content\/uploads\/2013\/04\/sorop672.jpg","type":"","width":"","height":""}],"twitter_card":"summary_large_image","twitter_misc":{"Est. reading time":"9 minutes"},"schema":{"@context":"https:\/\/schema.org","@graph":[{"@type":"WebPage","@id":"https:\/\/soroptimist-old.digitalpulse.click\/en\/par-mums\/","url":"https:\/\/soroptimist-old.digitalpulse.click\/en\/par-mums\/","name":"Par mums - Soroptimistriga","isPartOf":{"@id":"https:\/\/soroptimist-old.digitalpulse.click\/en\/#website"},"primaryImageOfPage":{"@id":"https:\/\/soroptimist-old.digitalpulse.click\/en\/par-mums\/#primaryimage"},"image":{"@id":"https:\/\/soroptimist-old.digitalpulse.click\/en\/par-mums\/#primaryimage"},"thumbnailUrl":"https:\/\/soroptimist-old.digitalpulse.click\/wp-content\/uploads\/2013\/04\/sorop672.jpg","datePublished":"2012-03-22T19:25:43+00:00","dateModified":"2019-09-19T10:43:38+00:00","breadcrumb":{"@id":"https:\/\/soroptimist-old.digitalpulse.click\/en\/par-mums\/#breadcrumb"},"inLanguage":"en-US","potentialAction":[{"@type":"ReadAction","target":["https:\/\/soroptimist-old.digitalpulse.click\/en\/par-mums\/"]}]},{"@type":"ImageObject","inLanguage":"en-US","@id":"https:\/\/soroptimist-old.digitalpulse.click\/en\/par-mums\/#primaryimage","url":"https:\/\/soroptimist-old.digitalpulse.click\/wp-content\/uploads\/2013\/04\/sorop672.jpg","contentUrl":"https:\/\/soroptimist-old.digitalpulse.click\/wp-content\/uploads\/2013\/04\/sorop672.jpg"},{"@type":"BreadcrumbList","@id":"https:\/\/soroptimist-old.digitalpulse.click\/en\/par-mums\/#breadcrumb","itemListElement":[{"@type":"ListItem","position":1,"name":"Home","item":"https:\/\/soroptimist-old.digitalpulse.click\/en\/"},{"@type":"ListItem","position":2,"name":"Par mums"}]},{"@type":"WebSite","@id":"https:\/\/soroptimist-old.digitalpulse.click\/en\/#website","url":"https:\/\/soroptimist-old.digitalpulse.click\/en\/","name":"Soroptimistriga","description":"","potentialAction":[{"@type":"SearchAction","target":{"@type":"EntryPoint","urlTemplate":"https:\/\/soroptimist-old.digitalpulse.click\/en\/?s={search_term_string}"},"query-input":{"@type":"PropertyValueSpecification","valueRequired":true,"valueName":"search_term_string"}}],"inLanguage":"en-US"}]}},"_links":{"self":[{"href":"https:\/\/soroptimist-old.digitalpulse.click\/en\/wp-json\/wp\/v2\/pages\/2","targetHints":{"allow":["GET"]}}],"collection":[{"href":"https:\/\/soroptimist-old.digitalpulse.click\/en\/wp-json\/wp\/v2\/pages"}],"about":[{"href":"https:\/\/soroptimist-old.digitalpulse.click\/en\/wp-json\/wp\/v2\/types\/page"}],"author":[{"embeddable":true,"href":"https:\/\/soroptimist-old.digitalpulse.click\/en\/wp-json\/wp\/v2\/users\/1"}],"replies":[{"embeddable":true,"href":"https:\/\/soroptimist-old.digitalpulse.click\/en\/wp-json\/wp\/v2\/comments?post=2"}],"version-history":[{"count":30,"href":"https:\/\/soroptimist-old.digitalpulse.click\/en\/wp-json\/wp\/v2\/pages\/2\/revisions"}],"predecessor-version":[{"id":1849,"href":"https:\/\/soroptimist-old.digitalpulse.click\/en\/wp-json\/wp\/v2\/pages\/2\/revisions\/1849"}],"wp:attachment":[{"href":"https:\/\/soroptimist-old.digitalpulse.click\/en\/wp-json\/wp\/v2\/media?parent=2"}],"curies":[{"name":"wp","href":"https:\/\/api.w.org\/{rel}","templated":true}]}}